{"id":2071,"date":"2025-05-15T20:54:51","date_gmt":"2025-05-15T20:54:51","guid":{"rendered":"https:\/\/accindi.com\/?page_id=2071"},"modified":"2025-05-15T21:03:42","modified_gmt":"2025-05-15T21:03:42","slug":"researchers_maintanence","status":"publish","type":"page","link":"https:\/\/accindi.com\/en\/","title":{"rendered":"Researchers_maintanence"},"content":{"rendered":"<div data-elementor-type=\"wp-page\" data-elementor-id=\"2071\" class=\"elementor elementor-2071\" data-elementor-post-type=\"page\">\n\t\t\t\t<div class=\"elementor-element elementor-element-76cbdb6 e-flex e-con-boxed e-con e-parent\" data-id=\"76cbdb6\" data-element_type=\"container\">\n\t\t\t\t\t<div class=\"e-con-inner\">\n\t\t<div class=\"elementor-element elementor-element-bff6c56 e-con-full e-flex e-con e-child\" data-id=\"bff6c56\" data-element_type=\"container\">\n\t\t\t\t<div class=\"elementor-element elementor-element-32d582e elementor-widget elementor-widget-image\" data-id=\"32d582e\" data-element_type=\"widget\" data-widget_type=\"image.default\">\n\t\t\t\t<div class=\"elementor-widget-container\">\n\t\t\t\t\t\t\t\t\t\t\t\t\t\t\t<img fetchpriority=\"high\" decoding=\"async\" width=\"570\" height=\"394\" src=\"https:\/\/accindi.com\/wp-content\/uploads\/2025\/05\/Lab-researcher.webp\" class=\"attachment-large size-large wp-image-1989\" alt=\"\" srcset=\"https:\/\/accindi.com\/wp-content\/uploads\/2025\/05\/Lab-researcher.webp 570w, https:\/\/accindi.com\/wp-content\/uploads\/2025\/05\/Lab-researcher-300x207.webp 300w, https:\/\/accindi.com\/wp-content\/uploads\/2025\/05\/Lab-researcher-18x12.webp 18w\" sizes=\"(max-width: 570px) 100vw, 570px\" \/>\t\t\t\t\t\t\t\t\t\t\t\t\t\t\t<\/div>\n\t\t\t\t<\/div>\n\t\t\t\t<\/div>\n\t\t<div class=\"elementor-element elementor-element-cb63fa5 e-con-full e-flex e-con e-child\" data-id=\"cb63fa5\" data-element_type=\"container\">\n\t\t<div class=\"elementor-element elementor-element-7a3c1a8 e-con-full e-flex e-con e-child\" data-id=\"7a3c1a8\" data-element_type=\"container\">\n\t\t\t\t<div class=\"elementor-element elementor-element-6829d30 elementor-widget-mobile__width-inherit elementor-widget elementor-widget-heading\" data-id=\"6829d30\" data-element_type=\"widget\" data-widget_type=\"heading.default\">\n\t\t\t\t<div class=\"elementor-widget-container\">\n\t\t\t\t\t<h2 class=\"elementor-heading-title elementor-size-default\">Hur funkar Accindi f\u00f6r dig som s\u00f6ker deltagare? <\/h2>\t\t\t\t<\/div>\n\t\t\t\t<\/div>\n\t\t\t\t<div class=\"elementor-element elementor-element-31ae932 elementor-widget elementor-widget-text-editor\" data-id=\"31ae932\" data-element_type=\"widget\" data-widget_type=\"text-editor.default\">\n\t\t\t\t<div class=\"elementor-widget-container\">\n\t\t\t\t\t\t\t\t\t<p>Accindi \u00e4r en m\u00f6tesplats f\u00f6r studier, projekt, unders\u00f6kningar och deltagare. Vi vill g\u00f6ra det enkelt att samla data och skapa insikt<\/p>\t\t\t\t\t\t\t\t<\/div>\n\t\t\t\t<\/div>\n\t\t\t\t<\/div>\n\t\t\t\t<\/div>\n\t\t\t\t\t<\/div>\n\t\t\t\t<\/div>\n\t\t<div class=\"elementor-element elementor-element-7dffd81c e-flex e-con-boxed e-con e-parent\" data-id=\"7dffd81c\" data-element_type=\"container\">\n\t\t\t\t\t<div class=\"e-con-inner\">\n\t\t\t\t<div class=\"elementor-element elementor-element-214e5dfa elementor-widget elementor-widget-heading\" data-id=\"214e5dfa\" data-element_type=\"widget\" data-widget_type=\"heading.default\">\n\t\t\t\t<div class=\"elementor-widget-container\">\n\t\t\t\t\t<h2 class=\"elementor-heading-title elementor-size-default\">Forskare och f\u00f6retag  som s\u00f6ker deltagare <\/h2>\t\t\t\t<\/div>\n\t\t\t\t<\/div>\n\t\t\t\t<div class=\"elementor-element elementor-element-484dfc9a elementor-widget-tablet__width-initial elementor-widget-mobile__width-inherit elementor-widget__width-initial elementor-widget elementor-widget-heading\" data-id=\"484dfc9a\" data-element_type=\"widget\" data-widget_type=\"heading.default\">\n\t\t\t\t<div class=\"elementor-widget-container\">\n\t\t\t\t\t<h2 class=\"elementor-heading-title elementor-size-default\">Oavsett om du forskar p\u00e5 ett universitet, f\u00f6retag, eller vill samla data som en privatperson kan Accindi hj\u00e4lpa dig n\u00e5 din m\u00e5lgrupp <\/h2>\t\t\t\t<\/div>\n\t\t\t\t<\/div>\n\t\t<div class=\"elementor-element elementor-element-30bea7b0 e-con-full e-flex e-con e-child\" data-id=\"30bea7b0\" data-element_type=\"container\">\n\t\t<div class=\"elementor-element elementor-element-6b0bcee2 e-con-full e-flex e-con e-child\" data-id=\"6b0bcee2\" data-element_type=\"container\">\n\t\t\t\t<div class=\"elementor-element elementor-element-764fa398 elementor-widget elementor-widget-image\" data-id=\"764fa398\" data-element_type=\"widget\" data-widget_type=\"image.default\">\n\t\t\t\t<div class=\"elementor-widget-container\">\n\t\t\t\t\t\t\t\t\t\t\t\t\t\t\t<img decoding=\"async\" width=\"570\" height=\"395\" src=\"https:\/\/accindi.com\/wp-content\/uploads\/2025\/04\/Select-Applicants.webp\" class=\"attachment-large size-large wp-image-983\" alt=\"\" srcset=\"https:\/\/accindi.com\/wp-content\/uploads\/2025\/04\/Select-Applicants.webp 570w, https:\/\/accindi.com\/wp-content\/uploads\/2025\/04\/Select-Applicants-300x208.webp 300w\" sizes=\"(max-width: 570px) 100vw, 570px\" \/>\t\t\t\t\t\t\t\t\t\t\t\t\t\t\t<\/div>\n\t\t\t\t<\/div>\n\t\t\t\t<\/div>\n\t\t<div class=\"elementor-element elementor-element-24ff2374 e-con-full e-flex e-con e-child\" data-id=\"24ff2374\" data-element_type=\"container\">\n\t\t<div class=\"elementor-element elementor-element-153ae44a e-con-full e-flex e-con e-child\" data-id=\"153ae44a\" data-element_type=\"container\">\n\t\t<div class=\"elementor-element elementor-element-62ccecf1 e-con-full e-flex e-con e-child\" data-id=\"62ccecf1\" data-element_type=\"container\">\n\t\t\t\t<div class=\"elementor-element elementor-element-6e2f4ad0 elementor-widget__width-initial elementor-view-default elementor-widget elementor-widget-icon\" data-id=\"6e2f4ad0\" data-element_type=\"widget\" data-widget_type=\"icon.default\">\n\t\t\t\t<div class=\"elementor-widget-container\">\n\t\t\t\t\t\t\t<div class=\"elementor-icon-wrapper\">\n\t\t\t<div class=\"elementor-icon\">\n\t\t\t<svg xmlns=\"http:\/\/www.w3.org\/2000\/svg\" width=\"32\" height=\"33\" viewbox=\"0 0 32 33\" fill=\"none\"><path d=\"M6.66667 28.8428C5.93333 28.8428 5.30556 28.5817 4.78333 28.0594C4.26111 27.5372 4 26.9094 4 26.1761V7.50944C4 6.77611 4.26111 6.14833 4.78333 5.62611C5.30556 5.10388 5.93333 4.84277 6.66667 4.84277H25.3333C26.0667 4.84277 26.6944 5.10388 27.2167 5.62611C27.7389 6.14833 28 6.77611 28 7.50944V10.8428H25.3333V7.50944H6.66667V26.1761H25.3333V22.8428H28V26.1761C28 26.9094 27.7389 27.5372 27.2167 28.0594C26.6944 28.5817 26.0667 28.8428 25.3333 28.8428H6.66667ZM17.3333 23.5094C16.6 23.5094 15.9722 23.2483 15.45 22.7261C14.9278 22.2039 14.6667 21.5761 14.6667 20.8428V12.8428C14.6667 12.1094 14.9278 11.4817 15.45 10.9594C15.9722 10.4372 16.6 10.1761 17.3333 10.1761H26.6667C27.4 10.1761 28.0278 10.4372 28.55 10.9594C29.0722 11.4817 29.3333 12.1094 29.3333 12.8428V20.8428C29.3333 21.5761 29.0722 22.2039 28.55 22.7261C28.0278 23.2483 27.4 23.5094 26.6667 23.5094H17.3333ZM26.6667 20.8428V12.8428H17.3333V20.8428H26.6667ZM21.3333 18.8428C21.8889 18.8428 22.3611 18.6483 22.75 18.2594C23.1389 17.8706 23.3333 17.3983 23.3333 16.8428C23.3333 16.2872 23.1389 15.815 22.75 15.4261C22.3611 15.0372 21.8889 14.8428 21.3333 14.8428C20.7778 14.8428 20.3056 15.0372 19.9167 15.4261C19.5278 15.815 19.3333 16.2872 19.3333 16.8428C19.3333 17.3983 19.5278 17.8706 19.9167 18.2594C20.3056 18.6483 20.7778 18.8428 21.3333 18.8428Z\" fill=\"#00847C\"><\/path><\/svg>\t\t\t<\/div>\n\t\t<\/div>\n\t\t\t\t\t\t<\/div>\n\t\t\t\t<\/div>\n\t\t\t\t<\/div>\n\t\t<div class=\"elementor-element elementor-element-6d98b6af e-con-full e-flex e-con e-child\" data-id=\"6d98b6af\" data-element_type=\"container\">\n\t\t\t\t<div class=\"elementor-element elementor-element-5860031c elementor-widget__width-initial elementor-widget-mobile__width-inherit elementor-widget elementor-widget-icon-box\" data-id=\"5860031c\" data-element_type=\"widget\" data-widget_type=\"icon-box.default\">\n\t\t\t\t<div class=\"elementor-widget-container\">\n\t\t\t\t\t\t\t<div class=\"elementor-icon-box-wrapper\">\n\n\t\t\t\n\t\t\t\t\t\t<div class=\"elementor-icon-box-content\">\n\n\t\t\t\t\t\t\t\t\t<h3 class=\"elementor-icon-box-title\">\n\t\t\t\t\t\t<span  >\n\t\t\t\t\t\t\tKostnadsfritt att komma ig\u00e5ng\t\t\t\t\t\t<\/span>\n\t\t\t\t\t<\/h3>\n\t\t\t\t\n\t\t\t\t\t\t\t\t\t<p class=\"elementor-icon-box-description\">\n\t\t\t\t\t\tPublicera din studie och utforska potentiella deltagare gratis\t\t\t\t\t<\/p>\n\t\t\t\t\n\t\t\t<\/div>\n\t\t\t\n\t\t<\/div>\n\t\t\t\t\t\t<\/div>\n\t\t\t\t<\/div>\n\t\t\t\t<\/div>\n\t\t\t\t<\/div>\n\t\t<div class=\"elementor-element elementor-element-4f6c3ac6 e-con-full e-flex e-con e-child\" data-id=\"4f6c3ac6\" data-element_type=\"container\">\n\t\t<div class=\"elementor-element elementor-element-65c5ef17 e-con-full e-flex e-con e-child\" data-id=\"65c5ef17\" data-element_type=\"container\">\n\t\t\t\t<div class=\"elementor-element elementor-element-4b840e76 elementor-widget__width-initial elementor-view-default elementor-widget elementor-widget-icon\" data-id=\"4b840e76\" data-element_type=\"widget\" data-widget_type=\"icon.default\">\n\t\t\t\t<div class=\"elementor-widget-container\">\n\t\t\t\t\t\t\t<div class=\"elementor-icon-wrapper\">\n\t\t\t<div class=\"elementor-icon\">\n\t\t\t<svg xmlns=\"http:\/\/www.w3.org\/2000\/svg\" width=\"32\" height=\"33\" viewbox=\"0 0 32 33\" fill=\"none\"><path d=\"M11.4693 30.8428L8.93594 26.5761L4.13594 25.5094L4.6026 20.5761L1.33594 16.8428L4.6026 13.1094L4.13594 8.17611L8.93594 7.10944L11.4693 2.84277L16.0026 4.77611L20.5359 2.84277L23.0693 7.10944L27.8693 8.17611L27.4026 13.1094L30.6693 16.8428L27.4026 20.5761L27.8693 25.5094L23.0693 26.5761L20.5359 30.8428L16.0026 28.9094L11.4693 30.8428ZM12.6026 27.4428L16.0026 25.9761L19.4693 27.4428L21.3359 24.2428L25.0026 23.3761L24.6693 19.6428L27.1359 16.8428L24.6693 13.9761L25.0026 10.2428L21.3359 9.44277L19.4026 6.24277L16.0026 7.70944L12.5359 6.24277L10.6693 9.44277L7.0026 10.2428L7.33594 13.9761L4.86927 16.8428L7.33594 19.6428L7.0026 23.4428L10.6693 24.2428L12.6026 27.4428ZM14.6026 21.5761L22.1359 14.0428L20.2693 12.1094L14.6026 17.7761L11.7359 14.9761L9.86927 16.8428L14.6026 21.5761Z\" fill=\"#00847C\"><\/path><\/svg>\t\t\t<\/div>\n\t\t<\/div>\n\t\t\t\t\t\t<\/div>\n\t\t\t\t<\/div>\n\t\t\t\t<\/div>\n\t\t<div class=\"elementor-element elementor-element-40b0ce3b e-con-full e-flex e-con e-child\" data-id=\"40b0ce3b\" data-element_type=\"container\">\n\t\t\t\t<div class=\"elementor-element elementor-element-4bbf0875 elementor-widget__width-initial elementor-widget-mobile__width-inherit elementor-widget elementor-widget-icon-box\" data-id=\"4bbf0875\" data-element_type=\"widget\" data-widget_type=\"icon-box.default\">\n\t\t\t\t<div class=\"elementor-widget-container\">\n\t\t\t\t\t\t\t<div class=\"elementor-icon-box-wrapper\">\n\n\t\t\t\n\t\t\t\t\t\t<div class=\"elementor-icon-box-content\">\n\n\t\t\t\t\t\t\t\t\t<h3 class=\"elementor-icon-box-title\">\n\t\t\t\t\t\t<span  >\n\t\t\t\t\t\t\tN\u00e5 din m\u00e5lgrupp och f\u00f6renkla hanteringen av ans\u00f6kningar\t\t\t\t\t\t<\/span>\n\t\t\t\t\t<\/h3>\n\t\t\t\t\n\t\t\t\t\t\t\t\t\t<p class=\"elementor-icon-box-description\">\n\t\t\t\t\t\tV\u00e5ra verktyg g\u00f6r det enkelt att n\u00e5 och administrera kandidater\t\t\t\t\t<\/p>\n\t\t\t\t\n\t\t\t<\/div>\n\t\t\t\n\t\t<\/div>\n\t\t\t\t\t\t<\/div>\n\t\t\t\t<\/div>\n\t\t\t\t<\/div>\n\t\t\t\t<\/div>\n\t\t<div class=\"elementor-element elementor-element-70850d68 e-con-full e-flex e-con e-child\" data-id=\"70850d68\" data-element_type=\"container\">\n\t\t<div class=\"elementor-element elementor-element-35c68624 e-con-full e-flex e-con e-child\" data-id=\"35c68624\" data-element_type=\"container\">\n\t\t\t\t<div class=\"elementor-element elementor-element-4dca58b9 elementor-widget__width-initial elementor-view-default elementor-widget elementor-widget-icon\" data-id=\"4dca58b9\" data-element_type=\"widget\" data-widget_type=\"icon.default\">\n\t\t\t\t<div class=\"elementor-widget-container\">\n\t\t\t\t\t\t\t<div class=\"elementor-icon-wrapper\">\n\t\t\t<div class=\"elementor-icon\">\n\t\t\t<svg xmlns=\"http:\/\/www.w3.org\/2000\/svg\" width=\"32\" height=\"33\" viewbox=\"0 0 32 33\" fill=\"none\"><path d=\"M21.3307 15.5094C21.7085 15.5094 22.0252 15.3817 22.2807 15.1261C22.5363 14.8705 22.6641 14.5539 22.6641 14.1761C22.6641 13.7983 22.5363 13.4817 22.2807 13.2261C22.0252 12.9705 21.7085 12.8428 21.3307 12.8428C20.9529 12.8428 20.6363 12.9705 20.3807 13.2261C20.1252 13.4817 19.9974 13.7983 19.9974 14.1761C19.9974 14.5539 20.1252 14.8705 20.3807 15.1261C20.6363 15.3817 20.9529 15.5094 21.3307 15.5094ZM10.6641 12.8428H17.3307V10.1761H10.6641V12.8428ZM5.9974 28.8428C5.24184 26.3094 4.4974 23.7817 3.76406 21.2594C3.03073 18.7372 2.66406 16.1539 2.66406 13.5094C2.66406 11.465 3.37517 9.73165 4.7974 8.30943C6.21962 6.88721 7.95295 6.1761 9.9974 6.1761H16.6641C17.3085 5.33165 18.0918 4.6761 19.0141 4.20943C19.9363 3.74276 20.9307 3.50943 21.9974 3.50943C22.5529 3.50943 23.0252 3.70387 23.4141 4.09276C23.8029 4.48165 23.9974 4.95387 23.9974 5.50943C23.9974 5.64276 23.9807 5.7761 23.9474 5.90943C23.9141 6.04276 23.8752 6.16499 23.8307 6.2761C23.7418 6.52054 23.6585 6.77054 23.5807 7.0261C23.503 7.28165 23.4418 7.54276 23.3974 7.80943L26.4307 10.8428H29.3307V20.1428L25.5641 21.3761L23.3307 28.8428H15.9974V26.1761H13.3307V28.8428H5.9974ZM7.9974 26.1761H10.6641V23.5094H18.6641V26.1761H21.3307L23.3974 19.3094L26.6641 18.2094V13.5094H25.3307L20.6641 8.84276C20.6641 8.39832 20.6918 7.97054 20.7474 7.55943C20.8029 7.14832 20.8863 6.73165 20.9974 6.30943C20.353 6.48721 19.7863 6.79276 19.2974 7.2261C18.8085 7.65943 18.453 8.19832 18.2307 8.84276H9.9974C8.70851 8.84276 7.60851 9.29832 6.6974 10.2094C5.78628 11.1205 5.33073 12.2205 5.33073 13.5094C5.33073 15.6872 5.63073 17.815 6.23073 19.8928C6.83073 21.9705 7.41962 24.065 7.9974 26.1761Z\" fill=\"#00847C\"><\/path><\/svg>\t\t\t<\/div>\n\t\t<\/div>\n\t\t\t\t\t\t<\/div>\n\t\t\t\t<\/div>\n\t\t\t\t<\/div>\n\t\t<div class=\"elementor-element elementor-element-66a47e27 e-con-full e-flex e-con e-child\" data-id=\"66a47e27\" data-element_type=\"container\">\n\t\t\t\t<div class=\"elementor-element elementor-element-525c59b elementor-widget__width-initial elementor-widget-mobile__width-inherit elementor-widget elementor-widget-icon-box\" data-id=\"525c59b\" data-element_type=\"widget\" data-widget_type=\"icon-box.default\">\n\t\t\t\t<div class=\"elementor-widget-container\">\n\t\t\t\t\t\t\t<div class=\"elementor-icon-box-wrapper\">\n\n\t\t\t\n\t\t\t\t\t\t<div class=\"elementor-icon-box-content\">\n\n\t\t\t\t\t\t\t\t\t<h3 class=\"elementor-icon-box-title\">\n\t\t\t\t\t\t<span  >\n\t\t\t\t\t\t\tSamla insikt till ditt projekt\u2014till ett pris som passar din budget\t\t\t\t\t\t<\/span>\n\t\t\t\t\t<\/h3>\n\t\t\t\t\n\t\t\t\t\t\t\t\t\t<p class=\"elementor-icon-box-description\">\n\t\t\t\t\t\tSpara tid och pengar genom att publicera din studie framf\u00f6r tusentals bes\u00f6kare\t\t\t\t\t<\/p>\n\t\t\t\t\n\t\t\t<\/div>\n\t\t\t\n\t\t<\/div>\n\t\t\t\t\t\t<\/div>\n\t\t\t\t<\/div>\n\t\t\t\t<\/div>\n\t\t\t\t<\/div>\n\t\t\t\t<\/div>\n\t\t\t\t<\/div>\n\t\t\t\t\t<\/div>\n\t\t\t\t<\/div>\n\t\t<div class=\"elementor-element elementor-element-20124e08 e-flex e-con-boxed e-con e-child\" data-id=\"20124e08\" data-element_type=\"container\">\n\t\t\t\t\t<div class=\"e-con-inner\">\n\t\t<div class=\"elementor-element elementor-element-62f519bc e-con-full e-flex e-con e-child\" data-id=\"62f519bc\" data-element_type=\"container\">\n\t\t\t\t<div class=\"elementor-element elementor-element-5ce0b285 elementor-widget elementor-widget-image\" data-id=\"5ce0b285\" data-element_type=\"widget\" data-widget_type=\"image.default\">\n\t\t\t\t<div class=\"elementor-widget-container\">\n\t\t\t\t\t\t\t\t\t\t\t\t\t\t\t<img decoding=\"async\" width=\"708\" height=\"708\" src=\"https:\/\/accindi.com\/wp-content\/uploads\/2025\/04\/Image-container-4.webp\" class=\"attachment-large size-large wp-image-1173\" alt=\"\" srcset=\"https:\/\/accindi.com\/wp-content\/uploads\/2025\/04\/Image-container-4.webp 708w, https:\/\/accindi.com\/wp-content\/uploads\/2025\/04\/Image-container-4-300x300.webp 300w, https:\/\/accindi.com\/wp-content\/uploads\/2025\/04\/Image-container-4-150x150.webp 150w\" sizes=\"(max-width: 708px) 100vw, 708px\" \/>\t\t\t\t\t\t\t\t\t\t\t\t\t\t\t<\/div>\n\t\t\t\t<\/div>\n\t\t\t\t<div class=\"elementor-element elementor-element-67c92b5d elementor-widget elementor-widget-heading\" data-id=\"67c92b5d\" data-element_type=\"widget\" data-widget_type=\"heading.default\">\n\t\t\t\t<div class=\"elementor-widget-container\">\n\t\t\t\t\t<h2 class=\"elementor-heading-title elementor-size-default\">Skapa ett forskarkonto<\/h2>\t\t\t\t<\/div>\n\t\t\t\t<\/div>\n\t\t\t\t<div class=\"elementor-element elementor-element-35b5c2f elementor-widget elementor-widget-text-editor\" data-id=\"35b5c2f\" data-element_type=\"widget\" data-widget_type=\"text-editor.default\">\n\t\t\t\t<div class=\"elementor-widget-container\">\n\t\t\t\t\t\t\t\t\t<p>Med ett forskarkonto kan du skapa en annons, se alla verktyg du har tillg\u00e5ng till och granska vilka m\u00e5lgrupper du kan n\u00e5<\/p>\t\t\t\t\t\t\t\t<\/div>\n\t\t\t\t<\/div>\n\t\t\t\t<\/div>\n\t\t<div class=\"elementor-element elementor-element-6cdf797 e-con-full e-flex e-con e-child\" data-id=\"6cdf797\" data-element_type=\"container\">\n\t\t\t\t<div class=\"elementor-element elementor-element-7af110b1 elementor-widget elementor-widget-image\" data-id=\"7af110b1\" data-element_type=\"widget\" data-widget_type=\"image.default\">\n\t\t\t\t<div class=\"elementor-widget-container\">\n\t\t\t\t\t\t\t\t\t\t\t\t\t\t\t<img loading=\"lazy\" decoding=\"async\" width=\"708\" height=\"708\" src=\"https:\/\/accindi.com\/wp-content\/uploads\/2025\/05\/Survey-1.webp\" class=\"attachment-large size-large wp-image-1963\" alt=\"\" srcset=\"https:\/\/accindi.com\/wp-content\/uploads\/2025\/05\/Survey-1.webp 708w, https:\/\/accindi.com\/wp-content\/uploads\/2025\/05\/Survey-1-300x300.webp 300w, https:\/\/accindi.com\/wp-content\/uploads\/2025\/05\/Survey-1-150x150.webp 150w, https:\/\/accindi.com\/wp-content\/uploads\/2025\/05\/Survey-1-12x12.webp 12w\" sizes=\"(max-width: 708px) 100vw, 708px\" \/>\t\t\t\t\t\t\t\t\t\t\t\t\t\t\t<\/div>\n\t\t\t\t<\/div>\n\t\t\t\t<div class=\"elementor-element elementor-element-3853a58d elementor-widget elementor-widget-heading\" data-id=\"3853a58d\" data-element_type=\"widget\" data-widget_type=\"heading.default\">\n\t\t\t\t<div class=\"elementor-widget-container\">\n\t\t\t\t\t<h2 class=\"elementor-heading-title elementor-size-default\">Skapa din annons<\/h2>\t\t\t\t<\/div>\n\t\t\t\t<\/div>\n\t\t\t\t<div class=\"elementor-element elementor-element-cf0fd08 elementor-widget elementor-widget-text-editor\" data-id=\"cf0fd08\" data-element_type=\"widget\" data-widget_type=\"text-editor.default\">\n\t\t\t\t<div class=\"elementor-widget-container\">\n\t\t\t\t\t\t\t\t\t<p>Skapa en studie som f\u00f6rklarar vad, vem, hur, och vilken ers\u00e4ttning deltager kommer f\u00e5<\/p>\t\t\t\t\t\t\t\t<\/div>\n\t\t\t\t<\/div>\n\t\t\t\t<\/div>\n\t\t<div class=\"elementor-element elementor-element-65924a88 e-con-full e-flex e-con e-child\" data-id=\"65924a88\" data-element_type=\"container\">\n\t\t\t\t<div class=\"elementor-element elementor-element-7df62357 elementor-widget elementor-widget-image\" data-id=\"7df62357\" data-element_type=\"widget\" data-widget_type=\"image.default\">\n\t\t\t\t<div class=\"elementor-widget-container\">\n\t\t\t\t\t\t\t\t\t\t\t\t\t\t\t<img loading=\"lazy\" decoding=\"async\" width=\"708\" height=\"708\" src=\"https:\/\/accindi.com\/wp-content\/uploads\/2025\/04\/Image-container-5.webp\" class=\"attachment-large size-large wp-image-1172\" alt=\"\" srcset=\"https:\/\/accindi.com\/wp-content\/uploads\/2025\/04\/Image-container-5.webp 708w, https:\/\/accindi.com\/wp-content\/uploads\/2025\/04\/Image-container-5-300x300.webp 300w, https:\/\/accindi.com\/wp-content\/uploads\/2025\/04\/Image-container-5-150x150.webp 150w\" sizes=\"(max-width: 708px) 100vw, 708px\" \/>\t\t\t\t\t\t\t\t\t\t\t\t\t\t\t<\/div>\n\t\t\t\t<\/div>\n\t\t\t\t<div class=\"elementor-element elementor-element-2bcc78d8 elementor-widget elementor-widget-heading\" data-id=\"2bcc78d8\" data-element_type=\"widget\" data-widget_type=\"heading.default\">\n\t\t\t\t<div class=\"elementor-widget-container\">\n\t\t\t\t\t<h2 class=\"elementor-heading-title elementor-size-default\">Hantera anm\u00e4lningar<\/h2>\t\t\t\t<\/div>\n\t\t\t\t<\/div>\n\t\t\t\t<div class=\"elementor-element elementor-element-214f826 elementor-widget elementor-widget-text-editor\" data-id=\"214f826\" data-element_type=\"widget\" data-widget_type=\"text-editor.default\">\n\t\t\t\t<div class=\"elementor-widget-container\">\n\t\t\t\t\t\t\t\t\t<p>N\u00e4r anm\u00e4lningar b\u00f6rjar komma in kan du hantera vem du bjuder in f\u00f6r att delta och vem som inte passar<\/p>\t\t\t\t\t\t\t\t<\/div>\n\t\t\t\t<\/div>\n\t\t\t\t<\/div>\n\t\t\t\t\t<\/div>\n\t\t\t\t<\/div>\n\t\t<div class=\"elementor-element elementor-element-e716946 e-flex e-con-boxed e-con e-parent\" data-id=\"e716946\" data-element_type=\"container\">\n\t\t\t\t\t<div class=\"e-con-inner\">\n\t\t<div class=\"elementor-element elementor-element-a5455ce e-con-full e-flex e-con e-child\" data-id=\"a5455ce\" data-element_type=\"container\">\n\t\t\t\t<div class=\"elementor-element elementor-element-c9a7894 elementor-widget elementor-widget-image\" data-id=\"c9a7894\" data-element_type=\"widget\" data-widget_type=\"image.default\">\n\t\t\t\t<div class=\"elementor-widget-container\">\n\t\t\t\t\t\t\t\t\t\t\t\t\t\t\t<img loading=\"lazy\" decoding=\"async\" width=\"800\" height=\"366\" src=\"https:\/\/accindi.com\/wp-content\/uploads\/2025\/05\/Accindi.se_-1024x468.webp\" class=\"attachment-large size-large wp-image-2075\" alt=\"\" srcset=\"https:\/\/accindi.com\/wp-content\/uploads\/2025\/05\/Accindi.se_-1024x468.webp 1024w, https:\/\/accindi.com\/wp-content\/uploads\/2025\/05\/Accindi.se_-300x137.webp 300w, https:\/\/accindi.com\/wp-content\/uploads\/2025\/05\/Accindi.se_-768x351.webp 768w, https:\/\/accindi.com\/wp-content\/uploads\/2025\/05\/Accindi.se_-1536x702.webp 1536w, https:\/\/accindi.com\/wp-content\/uploads\/2025\/05\/Accindi.se_-18x8.webp 18w, https:\/\/accindi.com\/wp-content\/uploads\/2025\/05\/Accindi.se_.webp 1920w\" sizes=\"(max-width: 800px) 100vw, 800px\" \/>\t\t\t\t\t\t\t\t\t\t\t\t\t\t\t<\/div>\n\t\t\t\t<\/div>\n\t\t\t\t<\/div>\n\t\t<div class=\"elementor-element elementor-element-ab2cae0 e-con-full e-flex e-con e-child\" data-id=\"ab2cae0\" data-element_type=\"container\">\n\t\t<div class=\"elementor-element elementor-element-99273ed e-con-full e-flex e-con e-child\" data-id=\"99273ed\" data-element_type=\"container\">\n\t\t\t\t<div class=\"elementor-element elementor-element-ead3456 elementor-widget-mobile__width-inherit elementor-widget elementor-widget-heading\" data-id=\"ead3456\" data-element_type=\"widget\" data-widget_type=\"heading.default\">\n\t\t\t\t<div class=\"elementor-widget-container\">\n\t\t\t\t\t<h2 class=\"elementor-heading-title elementor-size-default\">Skapa ett konto p\u00e5 portalen<\/h2>\t\t\t\t<\/div>\n\t\t\t\t<\/div>\n\t\t\t\t<div class=\"elementor-element elementor-element-b5e906d elementor-widget elementor-widget-text-editor\" data-id=\"b5e906d\" data-element_type=\"widget\" data-widget_type=\"text-editor.default\">\n\t\t\t\t<div class=\"elementor-widget-container\">\n\t\t\t\t\t\t\t\t\t<p>P\u00e5 sj\u00e4lva webbsidan anm\u00e4ler du dig via knappen l\u00e4ngst upp till h\u00f6ger &#8221;Bli Medlem&#8221;. Gl\u00f6m inte att specificera att du \u00e4r en forskare n\u00e4r du registrerar dig.<\/p>\t\t\t\t\t\t\t\t<\/div>\n\t\t\t\t<\/div>\n\t\t\t\t<div class=\"elementor-element elementor-element-95f6415 elementor-widget elementor-widget-button\" data-id=\"95f6415\" data-element_type=\"widget\" data-widget_type=\"button.default\">\n\t\t\t\t<div class=\"elementor-widget-container\">\n\t\t\t\t\t\t\t\t\t<div class=\"elementor-button-wrapper\">\n\t\t\t\t\t<a class=\"elementor-button elementor-button-link elementor-size-sm\" href=\"https:\/\/www.accindi.se\/\">\n\t\t\t\t\t\t<span class=\"elementor-button-content-wrapper\">\n\t\t\t\t\t\t\t\t\t<span class=\"elementor-button-text\">Till portalen<\/span>\n\t\t\t\t\t<\/span>\n\t\t\t\t\t<\/a>\n\t\t\t\t<\/div>\n\t\t\t\t\t\t\t\t<\/div>\n\t\t\t\t<\/div>\n\t\t\t\t<\/div>\n\t\t\t\t<\/div>\n\t\t\t\t\t<\/div>\n\t\t\t\t<\/div>\n\t\t\t\t<\/div>","protected":false},"excerpt":{"rendered":"<p>Hur funkar Accindi f\u00f6r dig som s\u00f6ker deltagare? Accindi \u00e4r en m\u00f6tesplats f\u00f6r studier, projekt, unders\u00f6kningar och deltagare. Vi vill g\u00f6ra det enkelt att samla data och skapa insikt Forskare och f\u00f6retag som s\u00f6ker deltagare Oavsett om du forskar p\u00e5 ett universitet, f\u00f6retag, eller vill samla data som en privatperson kan Accindi hj\u00e4lpa dig n\u00e5 [&hellip;]<\/p>","protected":false},"author":1,"featured_media":0,"parent":0,"menu_order":0,"comment_status":"closed","ping_status":"closed","template":"","meta":{"footnotes":""},"class_list":["post-2071","page","type-page","status-publish","hentry"],"_links":{"self":[{"href":"https:\/\/accindi.com\/en\/wp-json\/wp\/v2\/pages\/2071","targetHints":{"allow":["GET"]}}],"collection":[{"href":"https:\/\/accindi.com\/en\/wp-json\/wp\/v2\/pages"}],"about":[{"href":"https:\/\/accindi.com\/en\/wp-json\/wp\/v2\/types\/page"}],"author":[{"embeddable":true,"href":"https:\/\/accindi.com\/en\/wp-json\/wp\/v2\/users\/1"}],"replies":[{"embeddable":true,"href":"https:\/\/accindi.com\/en\/wp-json\/wp\/v2\/comments?post=2071"}],"version-history":[{"count":7,"href":"https:\/\/accindi.com\/en\/wp-json\/wp\/v2\/pages\/2071\/revisions"}],"predecessor-version":[{"id":2081,"href":"https:\/\/accindi.com\/en\/wp-json\/wp\/v2\/pages\/2071\/revisions\/2081"}],"wp:attachment":[{"href":"https:\/\/accindi.com\/en\/wp-json\/wp\/v2\/media?parent=2071"}],"curies":[{"name":"wp","href":"https:\/\/api.w.org\/{rel}","templated":true}]}}