{"id":1946,"date":"2025-05-09T20:10:54","date_gmt":"2025-05-09T20:10:54","guid":{"rendered":"https:\/\/accindi.com\/?page_id=1946"},"modified":"2025-05-10T11:52:18","modified_gmt":"2025-05-10T11:52:18","slug":"deltagare","status":"publish","type":"page","link":"https:\/\/accindi.com\/en\/deltagare\/","title":{"rendered":"Participant"},"content":{"rendered":"<div data-elementor-type=\"wp-page\" data-elementor-id=\"1946\" class=\"elementor elementor-1946\" data-elementor-post-type=\"page\">\n\t\t\t\t<div class=\"elementor-element elementor-element-76cbdb6 e-flex e-con-boxed e-con e-parent\" data-id=\"76cbdb6\" data-element_type=\"container\">\n\t\t\t\t\t<div class=\"e-con-inner\">\n\t\t<div class=\"elementor-element elementor-element-bff6c56 e-con-full e-flex e-con e-child\" data-id=\"bff6c56\" data-element_type=\"container\">\n\t\t<div class=\"elementor-element elementor-element-6ac5213 e-con-full e-flex e-con e-child\" data-id=\"6ac5213\" data-element_type=\"container\">\n\t\t\t\t<div class=\"elementor-element elementor-element-0b684d9 elementor-widget elementor-widget-image\" data-id=\"0b684d9\" data-element_type=\"widget\" data-widget_type=\"image.default\">\n\t\t\t\t<div class=\"elementor-widget-container\">\n\t\t\t\t\t\t\t\t\t\t\t\t\t\t\t<img fetchpriority=\"high\" decoding=\"async\" width=\"570\" height=\"395\" src=\"https:\/\/accindi.com\/wp-content\/uploads\/2025\/04\/Select-Applicants.webp\" class=\"attachment-large size-large wp-image-983\" alt=\"\" srcset=\"https:\/\/accindi.com\/wp-content\/uploads\/2025\/04\/Select-Applicants.webp 570w, https:\/\/accindi.com\/wp-content\/uploads\/2025\/04\/Select-Applicants-300x208.webp 300w\" sizes=\"(max-width: 570px) 100vw, 570px\" \/>\t\t\t\t\t\t\t\t\t\t\t\t\t\t\t<\/div>\n\t\t\t\t<\/div>\n\t\t\t\t<\/div>\n\t\t\t\t<\/div>\n\t\t<div class=\"elementor-element elementor-element-cb63fa5 e-con-full e-flex e-con e-child\" data-id=\"cb63fa5\" data-element_type=\"container\">\n\t\t<div class=\"elementor-element elementor-element-7a3c1a8 e-con-full e-flex e-con e-child\" data-id=\"7a3c1a8\" data-element_type=\"container\">\n\t\t\t\t<div class=\"elementor-element elementor-element-6829d30 elementor-widget-mobile__width-inherit elementor-widget elementor-widget-heading\" data-id=\"6829d30\" data-element_type=\"widget\" data-widget_type=\"heading.default\">\n\t\t\t\t<div class=\"elementor-widget-container\">\n\t\t\t\t\t<h2 class=\"elementor-heading-title elementor-size-default\">Hur funkar Accindi f\u00f6r dig som vill delta i studier? <\/h2>\t\t\t\t<\/div>\n\t\t\t\t<\/div>\n\t\t\t\t<div class=\"elementor-element elementor-element-31ae932 elementor-widget elementor-widget-text-editor\" data-id=\"31ae932\" data-element_type=\"widget\" data-widget_type=\"text-editor.default\">\n\t\t\t\t<div class=\"elementor-widget-container\">\n\t\t\t\t\t\t\t\t\t<p>Accindi \u00e4r en m\u00f6tesplats f\u00f6r studier, projekt, och unders\u00f6kningar och deltagare som vill vara med och bidra till dessa <\/p>\t\t\t\t\t\t\t\t<\/div>\n\t\t\t\t<\/div>\n\t\t\t\t<div class=\"elementor-element elementor-element-bbd17f5 elementor-mobile-align-justify elementor-widget elementor-widget-button\" data-id=\"bbd17f5\" data-element_type=\"widget\" data-widget_type=\"button.default\">\n\t\t\t\t<div class=\"elementor-widget-container\">\n\t\t\t\t\t\t\t\t\t<div class=\"elementor-button-wrapper\">\n\t\t\t\t\t<a class=\"elementor-button elementor-button-link elementor-size-sm\" href=\"#\">\n\t\t\t\t\t\t<span class=\"elementor-button-content-wrapper\">\n\t\t\t\t\t\t\t\t\t<span class=\"elementor-button-text\">Se studier<\/span>\n\t\t\t\t\t<\/span>\n\t\t\t\t\t<\/a>\n\t\t\t\t<\/div>\n\t\t\t\t\t\t\t\t<\/div>\n\t\t\t\t<\/div>\n\t\t\t\t<\/div>\n\t\t\t\t<\/div>\n\t\t\t\t\t<\/div>\n\t\t\t\t<\/div>\n\t\t<div class=\"elementor-element elementor-element-20124e08 e-flex e-con-boxed e-con e-child\" data-id=\"20124e08\" data-element_type=\"container\">\n\t\t\t\t\t<div class=\"e-con-inner\">\n\t\t<div class=\"elementor-element elementor-element-62f519bc e-con-full e-flex e-con e-child\" data-id=\"62f519bc\" data-element_type=\"container\">\n\t\t\t\t<div class=\"elementor-element elementor-element-5ce0b285 elementor-widget elementor-widget-image\" data-id=\"5ce0b285\" data-element_type=\"widget\" data-widget_type=\"image.default\">\n\t\t\t\t<div class=\"elementor-widget-container\">\n\t\t\t\t\t\t\t\t\t\t\t\t\t\t\t<img decoding=\"async\" width=\"708\" height=\"708\" src=\"https:\/\/accindi.com\/wp-content\/uploads\/2025\/04\/Image-container-4.webp\" class=\"attachment-large size-large wp-image-1173\" alt=\"\" srcset=\"https:\/\/accindi.com\/wp-content\/uploads\/2025\/04\/Image-container-4.webp 708w, https:\/\/accindi.com\/wp-content\/uploads\/2025\/04\/Image-container-4-300x300.webp 300w, https:\/\/accindi.com\/wp-content\/uploads\/2025\/04\/Image-container-4-150x150.webp 150w\" sizes=\"(max-width: 708px) 100vw, 708px\" \/>\t\t\t\t\t\t\t\t\t\t\t\t\t\t\t<\/div>\n\t\t\t\t<\/div>\n\t\t\t\t<div class=\"elementor-element elementor-element-67c92b5d elementor-widget elementor-widget-heading\" data-id=\"67c92b5d\" data-element_type=\"widget\" data-widget_type=\"heading.default\">\n\t\t\t\t<div class=\"elementor-widget-container\">\n\t\t\t\t\t<h2 class=\"elementor-heading-title elementor-size-default\">Hitta en studie och anm\u00e4l dig<\/h2>\t\t\t\t<\/div>\n\t\t\t\t<\/div>\n\t\t\t\t<div class=\"elementor-element elementor-element-35b5c2f elementor-widget elementor-widget-text-editor\" data-id=\"35b5c2f\" data-element_type=\"widget\" data-widget_type=\"text-editor.default\">\n\t\t\t\t<div class=\"elementor-widget-container\">\n\t\t\t\t\t\t\t\t\t<p>Se alla aktiva studier p\u00e5 sidan och hitta en som passar dig. Du anm\u00e4ler dig via ditt konto<\/p>\t\t\t\t\t\t\t\t<\/div>\n\t\t\t\t<\/div>\n\t\t\t\t<\/div>\n\t\t<div class=\"elementor-element elementor-element-6cdf797 e-con-full e-flex e-con e-child\" data-id=\"6cdf797\" data-element_type=\"container\">\n\t\t\t\t<div class=\"elementor-element elementor-element-7af110b1 elementor-widget elementor-widget-image\" data-id=\"7af110b1\" data-element_type=\"widget\" data-widget_type=\"image.default\">\n\t\t\t\t<div class=\"elementor-widget-container\">\n\t\t\t\t\t\t\t\t\t\t\t\t\t\t\t<img decoding=\"async\" width=\"708\" height=\"708\" src=\"https:\/\/accindi.com\/wp-content\/uploads\/2025\/05\/Survey-1.webp\" class=\"attachment-large size-large wp-image-1963\" alt=\"\" srcset=\"https:\/\/accindi.com\/wp-content\/uploads\/2025\/05\/Survey-1.webp 708w, https:\/\/accindi.com\/wp-content\/uploads\/2025\/05\/Survey-1-300x300.webp 300w, https:\/\/accindi.com\/wp-content\/uploads\/2025\/05\/Survey-1-150x150.webp 150w, https:\/\/accindi.com\/wp-content\/uploads\/2025\/05\/Survey-1-12x12.webp 12w\" sizes=\"(max-width: 708px) 100vw, 708px\" \/>\t\t\t\t\t\t\t\t\t\t\t\t\t\t\t<\/div>\n\t\t\t\t<\/div>\n\t\t\t\t<div class=\"elementor-element elementor-element-3853a58d elementor-widget elementor-widget-heading\" data-id=\"3853a58d\" data-element_type=\"widget\" data-widget_type=\"heading.default\">\n\t\t\t\t<div class=\"elementor-widget-container\">\n\t\t\t\t\t<h2 class=\"elementor-heading-title elementor-size-default\">Delta i studien online eller p\u00e5 plats<\/h2>\t\t\t\t<\/div>\n\t\t\t\t<\/div>\n\t\t\t\t<div class=\"elementor-element elementor-element-cf0fd08 elementor-widget elementor-widget-text-editor\" data-id=\"cf0fd08\" data-element_type=\"widget\" data-widget_type=\"text-editor.default\">\n\t\t\t\t<div class=\"elementor-widget-container\">\n\t\t\t\t\t\t\t\t\t<p>Vissa studier kan du delta i online och vissa studier kr\u00e4ver att du deltar p\u00e5 plats<\/p>\t\t\t\t\t\t\t\t<\/div>\n\t\t\t\t<\/div>\n\t\t\t\t<\/div>\n\t\t<div class=\"elementor-element elementor-element-65924a88 e-con-full e-flex e-con e-child\" data-id=\"65924a88\" data-element_type=\"container\">\n\t\t\t\t<div class=\"elementor-element elementor-element-7df62357 elementor-widget elementor-widget-image\" data-id=\"7df62357\" data-element_type=\"widget\" data-widget_type=\"image.default\">\n\t\t\t\t<div class=\"elementor-widget-container\">\n\t\t\t\t\t\t\t\t\t\t\t\t\t\t\t<img loading=\"lazy\" decoding=\"async\" width=\"708\" height=\"708\" src=\"https:\/\/accindi.com\/wp-content\/uploads\/2025\/04\/Image-container-5.webp\" class=\"attachment-large size-large wp-image-1172\" alt=\"\" srcset=\"https:\/\/accindi.com\/wp-content\/uploads\/2025\/04\/Image-container-5.webp 708w, https:\/\/accindi.com\/wp-content\/uploads\/2025\/04\/Image-container-5-300x300.webp 300w, https:\/\/accindi.com\/wp-content\/uploads\/2025\/04\/Image-container-5-150x150.webp 150w\" sizes=\"(max-width: 708px) 100vw, 708px\" \/>\t\t\t\t\t\t\t\t\t\t\t\t\t\t\t<\/div>\n\t\t\t\t<\/div>\n\t\t\t\t<div class=\"elementor-element elementor-element-2bcc78d8 elementor-widget elementor-widget-heading\" data-id=\"2bcc78d8\" data-element_type=\"widget\" data-widget_type=\"heading.default\">\n\t\t\t\t<div class=\"elementor-widget-container\">\n\t\t\t\t\t<h2 class=\"elementor-heading-title elementor-size-default\">F\u00e5 ers\u00e4ttning och spendera<\/h2>\t\t\t\t<\/div>\n\t\t\t\t<\/div>\n\t\t\t\t<div class=\"elementor-element elementor-element-214f826 elementor-widget elementor-widget-text-editor\" data-id=\"214f826\" data-element_type=\"widget\" data-widget_type=\"text-editor.default\">\n\t\t\t\t<div class=\"elementor-widget-container\">\n\t\t\t\t\t\t\t\t\t<p>Efter du har deltagit i studien kan du f\u00e5 betalt direkt till din Accinid ID app. Spendera ers\u00e4ttningen som du vill <\/p>\t\t\t\t\t\t\t\t<\/div>\n\t\t\t\t<\/div>\n\t\t\t\t<\/div>\n\t\t\t\t\t<\/div>\n\t\t\t\t<\/div>\n\t\t<div class=\"elementor-element elementor-element-62b3c1e6 e-con-full e-flex e-con e-child\" data-id=\"62b3c1e6\" data-element_type=\"container\">\n\t\t<div class=\"elementor-element elementor-element-55eac598 e-con-full e-flex e-con e-child\" data-id=\"55eac598\" data-element_type=\"container\">\n\t\t<div class=\"elementor-element elementor-element-5ebe63f3 e-con-full e-flex e-con e-child\" data-id=\"5ebe63f3\" data-element_type=\"container\">\n\t\t\t\t<div class=\"elementor-element elementor-element-f8c64de elementor-widget elementor-widget-heading\" data-id=\"f8c64de\" data-element_type=\"widget\" data-widget_type=\"heading.default\">\n\t\t\t\t<div class=\"elementor-widget-container\">\n\t\t\t\t\t<h2 class=\"elementor-heading-title elementor-size-default\">En digitalt decentraliserad plattform<\/h2>\t\t\t\t<\/div>\n\t\t\t\t<\/div>\n\t\t\t\t<div class=\"elementor-element elementor-element-03ec612 elementor-widget-mobile__width-inherit elementor-widget elementor-widget-heading\" data-id=\"03ec612\" data-element_type=\"widget\" data-widget_type=\"heading.default\">\n\t\t\t\t<div class=\"elementor-widget-container\">\n\t\t\t\t\t<h3 class=\"elementor-heading-title elementor-size-default\">F\u00f6r att b\u00e4st kunna:<\/h3>\t\t\t\t<\/div>\n\t\t\t\t<\/div>\n\t\t\t\t<div class=\"elementor-element elementor-element-01e1e2c elementor-widget-mobile__width-inherit elementor-widget elementor-widget-heading\" data-id=\"01e1e2c\" data-element_type=\"widget\" data-widget_type=\"heading.default\">\n\t\t\t\t<div class=\"elementor-widget-container\">\n\t\t\t\t\t<h4 class=\"elementor-heading-title elementor-size-default\"><ul>\u2192 matcha dig med studier<\/ul>\n<ul>\u2192 ta emot ers\u00e4ttning<\/ul>\n<ul>\u2192 skydda din persondata<\/ul>\n<\/h4>\t\t\t\t<\/div>\n\t\t\t\t<\/div>\n\t\t\t\t<div class=\"elementor-element elementor-element-5f99928 elementor-widget-mobile__width-inherit elementor-widget elementor-widget-text-editor\" data-id=\"5f99928\" data-element_type=\"widget\" data-widget_type=\"text-editor.default\">\n\t\t\t\t<div class=\"elementor-widget-container\">\n\t\t\t\t\t\t\t\t\t<p data-pm-slice=\"1 1 []\">&#8230;har vi byggt en decentraliserad plattform d\u00e4r din identitet aldrig l\u00e4mnar din mobil. Med Accindi ID kan anv\u00e4ndare spara sin identitet och inloggningsuppgifter separat fr\u00e5n plattformen<\/p>\t\t\t\t\t\t\t\t<\/div>\n\t\t\t\t<\/div>\n\t\t<div class=\"elementor-element elementor-element-30e6725 e-con-full e-flex e-con e-child\" data-id=\"30e6725\" data-element_type=\"container\">\n\t\t\t\t<div class=\"elementor-element elementor-element-90bb11f elementor-mobile-align-justify elementor-widget-mobile__width-inherit elementor-widget elementor-widget-button\" data-id=\"90bb11f\" data-element_type=\"widget\" data-widget_type=\"button.default\">\n\t\t\t\t<div class=\"elementor-widget-container\">\n\t\t\t\t\t\t\t\t\t<div class=\"elementor-button-wrapper\">\n\t\t\t\t\t<a class=\"elementor-button elementor-button-link elementor-size-sm\" href=\"#\">\n\t\t\t\t\t\t<span class=\"elementor-button-content-wrapper\">\n\t\t\t\t\t\t\t\t\t<span class=\"elementor-button-text\">Se Studier<\/span>\n\t\t\t\t\t<\/span>\n\t\t\t\t\t<\/a>\n\t\t\t\t<\/div>\n\t\t\t\t\t\t\t\t<\/div>\n\t\t\t\t<\/div>\n\t\t\t\t<div class=\"elementor-element elementor-element-dc4f750 elementor-mobile-align-justify elementor-widget-mobile__width-inherit elementor-widget elementor-widget-button\" data-id=\"dc4f750\" data-element_type=\"widget\" data-widget_type=\"button.default\">\n\t\t\t\t<div class=\"elementor-widget-container\">\n\t\t\t\t\t\t\t\t\t<div class=\"elementor-button-wrapper\">\n\t\t\t\t\t<a class=\"elementor-button elementor-button-link elementor-size-sm\" href=\"#\">\n\t\t\t\t\t\t<span class=\"elementor-button-content-wrapper\">\n\t\t\t\t\t\t\t\t\t<span class=\"elementor-button-text\">Skapa konto<\/span>\n\t\t\t\t\t<\/span>\n\t\t\t\t\t<\/a>\n\t\t\t\t<\/div>\n\t\t\t\t\t\t\t\t<\/div>\n\t\t\t\t<\/div>\n\t\t\t\t<\/div>\n\t\t\t\t<\/div>\n\t\t\t\t<\/div>\n\t\t<div class=\"elementor-element elementor-element-4d597010 e-con-full e-flex e-con e-child\" data-id=\"4d597010\" data-element_type=\"container\">\n\t\t\t\t<div class=\"elementor-element elementor-element-b3b1026 elementor-widget elementor-widget-image\" data-id=\"b3b1026\" data-element_type=\"widget\" data-widget_type=\"image.default\">\n\t\t\t\t<div class=\"elementor-widget-container\">\n\t\t\t\t\t\t\t\t\t\t\t\t\t\t\t<img loading=\"lazy\" decoding=\"async\" width=\"600\" height=\"503\" src=\"https:\/\/accindi.com\/wp-content\/uploads\/2025\/04\/Image-2025-04-23T232807.344.webp\" class=\"attachment-large size-large wp-image-1189\" alt=\"\" srcset=\"https:\/\/accindi.com\/wp-content\/uploads\/2025\/04\/Image-2025-04-23T232807.344.webp 600w, https:\/\/accindi.com\/wp-content\/uploads\/2025\/04\/Image-2025-04-23T232807.344-300x252.webp 300w\" sizes=\"(max-width: 600px) 100vw, 600px\" \/>\t\t\t\t\t\t\t\t\t\t\t\t\t\t\t<\/div>\n\t\t\t\t<\/div>\n\t\t\t\t<\/div>\n\t\t\t\t<\/div>\n\t\t\t\t<\/div>","protected":false},"excerpt":{"rendered":"<p>Hur funkar Accindi f\u00f6r dig som vill delta i studier? Accindi \u00e4r en m\u00f6tesplats f\u00f6r studier, projekt, och unders\u00f6kningar och deltagare som vill vara med och bidra till dessa Se studier Hitta en studie och anm\u00e4l dig Se alla aktiva studier p\u00e5 sidan och hitta en som passar dig. Du anm\u00e4ler dig via ditt konto [&hellip;]<\/p>","protected":false},"author":1,"featured_media":0,"parent":0,"menu_order":0,"comment_status":"closed","ping_status":"closed","template":"","meta":{"footnotes":""},"class_list":["post-1946","page","type-page","status-publish","hentry"],"_links":{"self":[{"href":"https:\/\/accindi.com\/en\/wp-json\/wp\/v2\/pages\/1946","targetHints":{"allow":["GET"]}}],"collection":[{"href":"https:\/\/accindi.com\/en\/wp-json\/wp\/v2\/pages"}],"about":[{"href":"https:\/\/accindi.com\/en\/wp-json\/wp\/v2\/types\/page"}],"author":[{"embeddable":true,"href":"https:\/\/accindi.com\/en\/wp-json\/wp\/v2\/users\/1"}],"replies":[{"embeddable":true,"href":"https:\/\/accindi.com\/en\/wp-json\/wp\/v2\/comments?post=1946"}],"version-history":[{"count":28,"href":"https:\/\/accindi.com\/en\/wp-json\/wp\/v2\/pages\/1946\/revisions"}],"predecessor-version":[{"id":2024,"href":"https:\/\/accindi.com\/en\/wp-json\/wp\/v2\/pages\/1946\/revisions\/2024"}],"wp:attachment":[{"href":"https:\/\/accindi.com\/en\/wp-json\/wp\/v2\/media?parent=1946"}],"curies":[{"name":"wp","href":"https:\/\/api.w.org\/{rel}","templated":true}]}}